{"id":450,"date":"2024-04-15T13:09:02","date_gmt":"2024-04-15T13:09:02","guid":{"rendered":"https:\/\/vinosaturnino.es\/?page_id=450"},"modified":"2024-04-15T13:17:22","modified_gmt":"2024-04-15T13:17:22","slug":"politica-de-cookies","status":"publish","type":"page","link":"https:\/\/vinosaturnino.es\/en\/politica-de-cookies\/","title":{"rendered":"Cookies policy"},"content":{"rendered":"<div data-elementor-type=\"wp-page\" data-elementor-id=\"450\" class=\"elementor elementor-450\" data-elementor-post-type=\"page\">\n\t\t\t\t<div class=\"elementor-element elementor-element-2fffa800 e-flex e-con-boxed e-con e-parent\" data-id=\"2fffa800\" data-element_type=\"container\">\n\t\t\t\t\t<div class=\"e-con-inner\">\n\t\t<div class=\"elementor-element elementor-element-14a07766 e-con-full e-flex e-con e-child\" data-id=\"14a07766\" data-element_type=\"container\">\n\t\t\t\t<\/div>\n\t\t<div class=\"elementor-element elementor-element-1b4389b2 e-con-full e-flex e-con e-child\" data-id=\"1b4389b2\" data-element_type=\"container\">\n\t\t\t\t<div class=\"elementor-element elementor-element-1fba4036 elementor-widget elementor-widget-heading\" data-id=\"1fba4036\" data-element_type=\"widget\" data-widget_type=\"heading.default\">\n\t\t\t\t<div class=\"elementor-widget-container\">\n\t\t\t\t\t<h2 class=\"elementor-heading-title elementor-size-default\">Cookies policy<\/h2>\t\t\t\t<\/div>\n\t\t\t\t<\/div>\n\t\t\t\t<div class=\"elementor-element elementor-element-4857c697 elementor-widget elementor-widget-text-editor\" data-id=\"4857c697\" data-element_type=\"widget\" data-widget_type=\"text-editor.default\">\n\t\t\t\t<div class=\"elementor-widget-container\">\n\t\t\t\t\t\t\t\t\t<p>Through this Cookies Policy, the user will be able to know for what purposes the cookies are used, they also have the possibility of configuring them to accept or reject their use in whole or in part and will also obtain additional information to know complete information about their meaning, configuration , purposes and rights.<br \/><br \/>This Website uses its own cookies and those of third parties, in order to provide a satisfactory browsing experience for the user, perform metrics and statistics, as well as marketing actions. If the user does not agree with any of the purposes, they can customize the options from this policy.<br \/><br \/>The user allows the use and installation of cookies for the following purposes:<br \/>In addition, this website may have links to third-party websites, whose privacy policies, cookie policies and legal texts are unrelated to the owner of this website. When accessing these websites through the aforementioned links, the user is free to decide whether to accept or reject the aforementioned sections.<br \/><br \/>To access the cookie configuration panel, where the user can accept or reject cookies, in whole or in part, click here:<\/p><p><b>Definition and function of Cookies<br \/><\/b>A cookie is a small file created by an Internet site to store information on your computer, such as preferences when you visit a website. When you access a Web page that uses cookies, it asks the browser to save one or more cookies on your hard drive. Cookies often save website settings, such as preferred language or location, so when the user returns to that Web page, the browser sends the cookies that belong to it again, allowing it to provide service and information. personalized based on needs. Cookies can also store information that personally identifies users, however, this website does not use this type of cookies, and will only have access to the personal information that you provide through the contact forms or via email. . You can change the cookie settings of the browser you use to allow you to automatically approve or reject cookie storage requests when you close the browser and other additional options.<br \/><br \/><b>2. Types of Cookies<br \/><\/b>Cookies can be classified globally according to three blocks depending on the scope of study:<br \/><br \/>a) Types of cookies according to the entity that manages them<br \/>Depending on who is the entity that manages the domain of the website from which the cookies are sent and the data obtained is processed, there are:<br \/><b>Own cookies: <\/b>Those that are sent to the user&#039;s device from the website they visit.<br \/><b>Third party cookies: <\/b>Those that are sent to the user&#039;s device from a domain that is not managed by the owner of the domain that the user visits, but by another entity that processes the data obtained through cookies, such as Google. Since it is these third parties who proceed to implement them, their blocking and uninstallation is managed by their specific conditions and mechanisms.<br \/><br \/>b) Types of cookies according to the time they remain active on the device:<br \/>Taking into account the time in which the cookies remain hosted and activated on the user&#039;s device, there are:<br \/><b>Session cookies: <\/b>Designed to collect and store data while the user accesses a web page. These cookies are stored on your device after the user&#039;s browsing session ends.<br \/><b>Persistent cookies: <\/b>Designed to remain active on the device from a few minutes to several years, and the data continues to be stored on the device and can be accessed and processed for a period defined by the person responsible for the cookie.<br \/><br \/>c) Types of cookies according to their purpose:<br \/>Depending on the purpose for which a website uses cookies, they are available in generic form:<br \/><b>Technical cookies:<\/b> For example, they allow us to know if the user has already visited the website in the past and accepted or rejected cookies, identifying them when they connect to the website.<br \/><b>Preference cookies:<\/b> They allow the presentation of the website to be adapted to the user&#039;s preferences, for example, depending on the language used, the resolution of the device, the browser used, etc. In short, simply improve the user experience.<br \/><b>Analytical cookies: <\/b>They allow, depending on the user&#039;s preferences, to establish statistics and the volume of visits, web traffic, measurements and use of the different elements that make up the website, in order to improve the site and improve the services.<br \/><b>Marketing and\/or advertising cookies: <\/b>They are those that are generally used to obtain a user profile to know their preferences and show targeted advertising on demand. A profile may be created about you and your interests to show you personalized content that is relevant to you.<br \/><br \/><b>3. Revocation and deletion of Cookies<br \/><\/b>In general, when browsing the internet, the user can accept or reject cookies; to allow, block, delete or disable them, by configuring them through the options menu of your browser.<br \/><br \/>To configure the browser, deactivate or manage the installation of cookies, so that they are automatically deleted once the browser, computer or device is closed, you can obtain more information by \u201cclicking\u201d on the following links that we provide, Depending on the browser you use:<\/p><p><a style=\"text-align: var(--text-align); background-color: #ffffff;\" href=\"https:\/\/support.google.com\/chrome\/answer\/95647?hl=es\" target=\"_blank\" rel=\"noopener\"><span style=\"font-size: 10.5pt; font-family: Verdana, sans-serif; color: #000000; background-color: transparent; font-variant-numeric: normal; font-variant-east-asian: normal; font-variant-alternates: normal; font-variant-position: normal; vertical-align: baseline; white-space-collapse: preserve;\">Google Chrome<\/span><\/a><span style=\"text-align: var(--text-align); background-color: transparent; font-size: 10.5pt; font-family: Verdana, sans-serif; font-variant-numeric: normal; font-variant-east-asian: normal; font-variant-alternates: normal; font-variant-position: normal; vertical-align: baseline; white-space-collapse: preserve;\">. <\/span><a style=\"text-align: var(--text-align); background-color: #ffffff;\" href=\"https:\/\/support.mozilla.org\/es\/kb\/cookies-informacion-que-los-sitios-web-guardan-en-?redirectlocale=en-US&amp;redirectslug=Cookies\" target=\"_blank\" rel=\"noopener\"><span style=\"font-size: 10.5pt; font-family: Verdana, sans-serif; color: #000000; background-color: transparent; font-variant-numeric: normal; font-variant-east-asian: normal; font-variant-alternates: normal; font-variant-position: normal; vertical-align: baseline; white-space-collapse: preserve;\">Mozilla Firefox<\/span><\/a><span style=\"text-align: var(--text-align); background-color: transparent; font-size: 10.5pt; font-family: Verdana, sans-serif; font-variant-numeric: normal; font-variant-east-asian: normal; font-variant-alternates: normal; font-variant-position: normal; vertical-align: baseline; white-space-collapse: preserve;\">. <\/span><a style=\"text-align: var(--text-align); background-color: #ffffff;\" href=\"https:\/\/support.microsoft.com\/es-es\/help\/4468242\/microsoft-edge-browsing-data-and-privacy\" target=\"_blank\" rel=\"noopener\"><span style=\"font-size: 10.5pt; font-family: Verdana, sans-serif; color: #000000; background-color: transparent; font-variant-numeric: normal; font-variant-east-asian: normal; font-variant-alternates: normal; font-variant-position: normal; vertical-align: baseline; white-space-collapse: preserve;\">edge<\/span><\/a><span style=\"text-align: var(--text-align); background-color: transparent; font-size: 10.5pt; font-family: Verdana, sans-serif; font-variant-numeric: normal; font-variant-east-asian: normal; font-variant-alternates: normal; font-variant-position: normal; vertical-align: baseline; white-space-collapse: preserve;\">. <\/span><a style=\"text-align: var(--text-align); background-color: #ffffff;\" href=\"https:\/\/support.microsoft.com\/es-es\/help\/17442\/windows-internet-explorer-delete-manage-cookies#ie=ie-11\" target=\"_blank\" rel=\"noopener\"><span style=\"font-size: 10.5pt; font-family: Verdana, sans-serif; color: #000000; background-color: transparent; font-variant-numeric: normal; font-variant-east-asian: normal; font-variant-alternates: normal; font-variant-position: normal; vertical-align: baseline; white-space-collapse: preserve;\">Internet Explorer (Version 11)<\/span><\/a><span style=\"text-align: var(--text-align); background-color: transparent; font-size: 10.5pt; font-family: Verdana, sans-serif; font-variant-numeric: normal; font-variant-east-asian: normal; font-variant-alternates: normal; font-variant-position: normal; vertical-align: baseline; white-space-collapse: preserve;\">. <\/span><a style=\"text-align: var(--text-align); background-color: #ffffff;\" href=\"https:\/\/support.microsoft.com\/es-es\/help\/17442\/windows-internet-explorer-delete-manage-cookies#ie=ie-10\" target=\"_blank\" rel=\"noopener\"><span style=\"font-size: 10.5pt; font-family: Verdana, sans-serif; color: #000000; background-color: transparent; font-variant-numeric: normal; font-variant-east-asian: normal; font-variant-alternates: normal; font-variant-position: normal; vertical-align: baseline; white-space-collapse: preserve;\">Internet Explorer (Version 10)<\/span><\/a><span style=\"text-align: var(--text-align); background-color: transparent; font-size: 10.5pt; font-family: Verdana, sans-serif; font-variant-numeric: normal; font-variant-east-asian: normal; font-variant-alternates: normal; font-variant-position: normal; vertical-align: baseline; white-space-collapse: preserve;\">. <\/span><a style=\"text-align: var(--text-align); background-color: #ffffff;\" href=\"https:\/\/help.opera.com\/en\/latest\/web-preferences\/\" target=\"_blank\" rel=\"noopener\"><span style=\"font-size: 10.5pt; font-family: Verdana, sans-serif; color: #000000; background-color: transparent; font-variant-numeric: normal; font-variant-east-asian: normal; font-variant-alternates: normal; font-variant-position: normal; vertical-align: baseline; white-space-collapse: preserve;\">Opera<\/span><\/a><span style=\"text-align: var(--text-align); background-color: transparent; font-size: 10.5pt; font-family: Verdana, sans-serif; font-variant-numeric: normal; font-variant-east-asian: normal; font-variant-alternates: normal; font-variant-position: normal; vertical-align: baseline; white-space-collapse: preserve;\">. <\/span><a style=\"text-align: var(--text-align); background-color: #ffffff;\" href=\"https:\/\/www.apple.com\/legal\/privacy\/es\/cookies\/\" target=\"_blank\" rel=\"noopener\"><span style=\"font-size: 10.5pt; font-family: Verdana, sans-serif; color: #000000; background-color: transparent; font-variant-numeric: normal; font-variant-east-asian: normal; font-variant-alternates: normal; font-variant-position: normal; vertical-align: baseline; white-space-collapse: preserve;\">Safari<\/span><\/a><\/p><p><span style=\"text-align: var(--text-align);\">In general, most browsers allow quick access to deleting browsing data by pressing the Ctrl+Shift+Del key sequence, allowing you to delete Cookies.<br \/><br \/><\/span><\/p><p><b>4.Updating and modifications to the Cookies Policy<br \/><\/b>This Cookies and Configuration Policy may be modified based on legislative changes or with the purpose of adapting said policy to new needs of the website or to new instructions issued by the Spanish Data Protection Agency (AEPD).<\/p><p>Last update: April 15, 2024<\/p>\t\t\t\t\t\t\t\t<\/div>\n\t\t\t\t<\/div>\n\t\t\t\t<\/div>\n\t\t<div class=\"elementor-element elementor-element-30fb557 e-con-full e-flex e-con e-child\" data-id=\"30fb557\" data-element_type=\"container\">\n\t\t\t\t<\/div>\n\t\t\t\t\t<\/div>\n\t\t\t\t<\/div>\n\t\t\t\t<\/div>","protected":false},"excerpt":{"rendered":"<p>Cookies Policy Through this Cookies Policy, the user will be able to know for what purposes cookies are used, also has the possibility of configuring them to accept or reject their use in whole or in part and will also obtain additional information to know complete information about their meaning, configuration, purposes and rights. This Website [\u2026]<\/p>","protected":false},"author":1,"featured_media":0,"parent":0,"menu_order":0,"comment_status":"closed","ping_status":"closed","template":"","meta":{"footnotes":""},"class_list":["post-450","page","type-page","status-publish","hentry"],"yoast_head":"<!-- This site is optimized with the Yoast SEO plugin v26.4 - https:\/\/yoast.com\/wordpress\/plugins\/seo\/ -->\n<title>Pol\u00edtica de Cookies - Vinos Saturnino<\/title>\n<meta name=\"robots\" content=\"index, follow, max-snippet:-1, max-image-preview:large, max-video-preview:-1\" \/>\n<link rel=\"canonical\" href=\"https:\/\/vinosaturnino.es\/en\/politica-de-cookies\/\" \/>\n<meta property=\"og:locale\" content=\"en_GB\" \/>\n<meta property=\"og:type\" content=\"article\" \/>\n<meta property=\"og:title\" content=\"Pol\u00edtica de Cookies - Vinos Saturnino\" \/>\n<meta property=\"og:description\" content=\"Pol\u00edtica de Cookies Mediante esta Pol\u00edtica de Cookies, el usuario podr\u00e1 conocer con qu\u00e9 finalidades se utilizan las cookies, dispone tambi\u00e9n de la posibilidad de configurarlas para aceptar o rechazar de forma total o parcial su utilizaci\u00f3n y adem\u00e1s obtendr\u00e1 informaci\u00f3n adicional para conocer informaci\u00f3n completa sobre su significado, configuraci\u00f3n, finalidades y derechos. Este Sitio [&hellip;]\" \/>\n<meta property=\"og:url\" content=\"https:\/\/vinosaturnino.es\/en\/politica-de-cookies\/\" \/>\n<meta property=\"og:site_name\" content=\"Vinos Saturnino\" \/>\n<meta property=\"article:modified_time\" content=\"2024-04-15T13:17:22+00:00\" \/>\n<meta name=\"twitter:card\" content=\"summary_large_image\" \/>\n<meta name=\"twitter:label1\" content=\"Estimated reading time\" \/>\n\t<meta name=\"twitter:data1\" content=\"5 minutes\" \/>\n<script type=\"application\/ld+json\" class=\"yoast-schema-graph\">{\"@context\":\"https:\/\/schema.org\",\"@graph\":[{\"@type\":\"WebPage\",\"@id\":\"https:\/\/vinosaturnino.es\/politica-de-cookies\/\",\"url\":\"https:\/\/vinosaturnino.es\/politica-de-cookies\/\",\"name\":\"Pol\u00edtica de Cookies - Vinos Saturnino\",\"isPartOf\":{\"@id\":\"https:\/\/vinosaturnino.es\/#website\"},\"datePublished\":\"2024-04-15T13:09:02+00:00\",\"dateModified\":\"2024-04-15T13:17:22+00:00\",\"breadcrumb\":{\"@id\":\"https:\/\/vinosaturnino.es\/politica-de-cookies\/#breadcrumb\"},\"inLanguage\":\"en-GB\",\"potentialAction\":[{\"@type\":\"ReadAction\",\"target\":[\"https:\/\/vinosaturnino.es\/politica-de-cookies\/\"]}]},{\"@type\":\"BreadcrumbList\",\"@id\":\"https:\/\/vinosaturnino.es\/politica-de-cookies\/#breadcrumb\",\"itemListElement\":[{\"@type\":\"ListItem\",\"position\":1,\"name\":\"Portada\",\"item\":\"https:\/\/vinosaturnino.es\/\"},{\"@type\":\"ListItem\",\"position\":2,\"name\":\"Pol\u00edtica de Cookies\"}]},{\"@type\":\"WebSite\",\"@id\":\"https:\/\/vinosaturnino.es\/#website\",\"url\":\"https:\/\/vinosaturnino.es\/\",\"name\":\"Vinos Saturnino\",\"description\":\"Cantalapiedra\",\"publisher\":{\"@id\":\"https:\/\/vinosaturnino.es\/#organization\"},\"potentialAction\":[{\"@type\":\"SearchAction\",\"target\":{\"@type\":\"EntryPoint\",\"urlTemplate\":\"https:\/\/vinosaturnino.es\/?s={search_term_string}\"},\"query-input\":{\"@type\":\"PropertyValueSpecification\",\"valueRequired\":true,\"valueName\":\"search_term_string\"}}],\"inLanguage\":\"en-GB\"},{\"@type\":\"Organization\",\"@id\":\"https:\/\/vinosaturnino.es\/#organization\",\"name\":\"Vinos Saturnino\",\"url\":\"https:\/\/vinosaturnino.es\/\",\"logo\":{\"@type\":\"ImageObject\",\"inLanguage\":\"en-GB\",\"@id\":\"https:\/\/vinosaturnino.es\/#\/schema\/logo\/image\/\",\"url\":\"https:\/\/vinosaturnino.es\/wp-content\/uploads\/2024\/03\/cropped-Logo-1-e1712672713193.png\",\"contentUrl\":\"https:\/\/vinosaturnino.es\/wp-content\/uploads\/2024\/03\/cropped-Logo-1-e1712672713193.png\",\"width\":798,\"height\":195,\"caption\":\"Vinos Saturnino\"},\"image\":{\"@id\":\"https:\/\/vinosaturnino.es\/#\/schema\/logo\/image\/\"}}]}<\/script>\n<!-- \/ Yoast SEO plugin. -->","yoast_head_json":{"title":"Pol\u00edtica de Cookies - Vinos Saturnino","robots":{"index":"index","follow":"follow","max-snippet":"max-snippet:-1","max-image-preview":"max-image-preview:large","max-video-preview":"max-video-preview:-1"},"canonical":"https:\/\/vinosaturnino.es\/en\/politica-de-cookies\/","og_locale":"en_GB","og_type":"article","og_title":"Pol\u00edtica de Cookies - Vinos Saturnino","og_description":"Pol\u00edtica de Cookies Mediante esta Pol\u00edtica de Cookies, el usuario podr\u00e1 conocer con qu\u00e9 finalidades se utilizan las cookies, dispone tambi\u00e9n de la posibilidad de configurarlas para aceptar o rechazar de forma total o parcial su utilizaci\u00f3n y adem\u00e1s obtendr\u00e1 informaci\u00f3n adicional para conocer informaci\u00f3n completa sobre su significado, configuraci\u00f3n, finalidades y derechos. Este Sitio [&hellip;]","og_url":"https:\/\/vinosaturnino.es\/en\/politica-de-cookies\/","og_site_name":"Vinos Saturnino","article_modified_time":"2024-04-15T13:17:22+00:00","twitter_card":"summary_large_image","twitter_misc":{"Estimated reading time":"5 minutes"},"schema":{"@context":"https:\/\/schema.org","@graph":[{"@type":"WebPage","@id":"https:\/\/vinosaturnino.es\/politica-de-cookies\/","url":"https:\/\/vinosaturnino.es\/politica-de-cookies\/","name":"Pol\u00edtica de Cookies - Vinos Saturnino","isPartOf":{"@id":"https:\/\/vinosaturnino.es\/#website"},"datePublished":"2024-04-15T13:09:02+00:00","dateModified":"2024-04-15T13:17:22+00:00","breadcrumb":{"@id":"https:\/\/vinosaturnino.es\/politica-de-cookies\/#breadcrumb"},"inLanguage":"en-GB","potentialAction":[{"@type":"ReadAction","target":["https:\/\/vinosaturnino.es\/politica-de-cookies\/"]}]},{"@type":"BreadcrumbList","@id":"https:\/\/vinosaturnino.es\/politica-de-cookies\/#breadcrumb","itemListElement":[{"@type":"ListItem","position":1,"name":"Portada","item":"https:\/\/vinosaturnino.es\/"},{"@type":"ListItem","position":2,"name":"Pol\u00edtica de Cookies"}]},{"@type":"WebSite","@id":"https:\/\/vinosaturnino.es\/#website","url":"https:\/\/vinosaturnino.es\/","name":"Vinos Saturnino","description":"Cantalapiedra","publisher":{"@id":"https:\/\/vinosaturnino.es\/#organization"},"potentialAction":[{"@type":"SearchAction","target":{"@type":"EntryPoint","urlTemplate":"https:\/\/vinosaturnino.es\/?s={search_term_string}"},"query-input":{"@type":"PropertyValueSpecification","valueRequired":true,"valueName":"search_term_string"}}],"inLanguage":"en-GB"},{"@type":"Organization","@id":"https:\/\/vinosaturnino.es\/#organization","name":"Vinos Saturnino","url":"https:\/\/vinosaturnino.es\/","logo":{"@type":"ImageObject","inLanguage":"en-GB","@id":"https:\/\/vinosaturnino.es\/#\/schema\/logo\/image\/","url":"https:\/\/vinosaturnino.es\/wp-content\/uploads\/2024\/03\/cropped-Logo-1-e1712672713193.png","contentUrl":"https:\/\/vinosaturnino.es\/wp-content\/uploads\/2024\/03\/cropped-Logo-1-e1712672713193.png","width":798,"height":195,"caption":"Vinos Saturnino"},"image":{"@id":"https:\/\/vinosaturnino.es\/#\/schema\/logo\/image\/"}}]}},"_links":{"self":[{"href":"https:\/\/vinosaturnino.es\/en\/wp-json\/wp\/v2\/pages\/450","targetHints":{"allow":["GET"]}}],"collection":[{"href":"https:\/\/vinosaturnino.es\/en\/wp-json\/wp\/v2\/pages"}],"about":[{"href":"https:\/\/vinosaturnino.es\/en\/wp-json\/wp\/v2\/types\/page"}],"author":[{"embeddable":true,"href":"https:\/\/vinosaturnino.es\/en\/wp-json\/wp\/v2\/users\/1"}],"replies":[{"embeddable":true,"href":"https:\/\/vinosaturnino.es\/en\/wp-json\/wp\/v2\/comments?post=450"}],"version-history":[{"count":7,"href":"https:\/\/vinosaturnino.es\/en\/wp-json\/wp\/v2\/pages\/450\/revisions"}],"predecessor-version":[{"id":458,"href":"https:\/\/vinosaturnino.es\/en\/wp-json\/wp\/v2\/pages\/450\/revisions\/458"}],"wp:attachment":[{"href":"https:\/\/vinosaturnino.es\/en\/wp-json\/wp\/v2\/media?parent=450"}],"curies":[{"name":"wp","href":"https:\/\/api.w.org\/{rel}","templated":true}]}}